{"id":569,"date":"2026-04-09T20:16:16","date_gmt":"2026-04-09T20:16:16","guid":{"rendered":"https:\/\/bulkington.es\/producto\/formacion-directiva-especializada\/"},"modified":"2026-04-10T22:41:48","modified_gmt":"2026-04-10T22:41:48","slug":"formacion-directiva-especializada","status":"publish","type":"product","link":"https:\/\/bulkington.es\/en\/producto\/formacion-directiva-especializada\/","title":{"rendered":"Formaci\u00f3n Directiva Especializada"},"content":{"rendered":"","protected":false},"excerpt":{"rendered":"<p>Capacita l\u00edderes culturales con formaci\u00f3n continua y asesor\u00eda.<\/p>\n","protected":false},"featured_media":549,"comment_status":"open","ping_status":"closed","template":"","meta":{"_acf_changed":false},"marca":[55,56],"product_brand":[],"product_cat":[76],"product_tag":[77,78,79],"class_list":{"0":"post-569","1":"product","2":"type-product","3":"status-publish","4":"has-post-thumbnail","6":"marca-bulkington","7":"marca-consultoria","8":"product_cat-we-offer-lectures-workshops-and-intensive-formative-sessions-for-professionals-institutions-and-companies-en","9":"product_tag-cultura-en","10":"product_tag-formacion-en","11":"product_tag-liderazgo-en","13":"first","14":"instock","15":"sale","16":"shipping-taxable","17":"purchasable","18":"product-type-simple"},"acf":[],"yoast_head":"<!-- This site is optimized with the Yoast SEO plugin v27.3 - https:\/\/yoast.com\/product\/yoast-seo-wordpress\/ -->\n<title>Formaci\u00f3n Directiva Especializada - Bulkington<\/title>\n<meta name=\"description\" content=\"Capacita a l\u00edderes con nuestra formaci\u00f3n directiva especializada y mentor\u00eda continua. Aprovecha la oferta actual por 687,75 \u20ac y mejora tus competencias.\" \/>\n<meta name=\"robots\" content=\"index, follow, max-snippet:-1, max-image-preview:large, max-video-preview:-1\" \/>\n<link rel=\"canonical\" href=\"https:\/\/bulkington.es\/en\/producto\/formacion-directiva-especializada\/\" \/>\n<meta property=\"og:locale\" content=\"en_US\" \/>\n<meta property=\"og:type\" content=\"article\" \/>\n<meta property=\"og:title\" content=\"Formaci\u00f3n Directiva Especializada - Bulkington\" \/>\n<meta property=\"og:description\" content=\"Capacita a l\u00edderes con nuestra formaci\u00f3n directiva especializada y mentor\u00eda continua. Aprovecha la oferta actual por 687,75 \u20ac y mejora tus competencias.\" \/>\n<meta property=\"og:url\" content=\"https:\/\/bulkington.es\/en\/producto\/formacion-directiva-especializada\/\" \/>\n<meta property=\"og:site_name\" content=\"Bulkington\" \/>\n<meta property=\"article:modified_time\" content=\"2026-04-10T22:41:48+00:00\" \/>\n<meta property=\"og:image\" content=\"https:\/\/bulkington.es\/wp-content\/uploads\/2026\/04\/Leonardo_Vision_XL_Ilustracin_monocromtica_de_una_figura_inspi_0.jpg\" \/>\n\t<meta property=\"og:image:width\" content=\"1792\" \/>\n\t<meta property=\"og:image:height\" content=\"1456\" \/>\n\t<meta property=\"og:image:type\" content=\"image\/jpeg\" \/>\n<meta name=\"twitter:card\" content=\"summary_large_image\" \/>\n<!-- \/ Yoast SEO plugin. -->","yoast_head_json":{"title":"Formaci\u00f3n Directiva Especializada - Bulkington","description":"Capacita a l\u00edderes con nuestra formaci\u00f3n directiva especializada y mentor\u00eda continua. Aprovecha la oferta actual por 687,75 \u20ac y mejora tus competencias.","robots":{"index":"index","follow":"follow","max-snippet":"max-snippet:-1","max-image-preview":"max-image-preview:large","max-video-preview":"max-video-preview:-1"},"canonical":"https:\/\/bulkington.es\/en\/producto\/formacion-directiva-especializada\/","og_locale":"en_US","og_type":"article","og_title":"Formaci\u00f3n Directiva Especializada - Bulkington","og_description":"Capacita a l\u00edderes con nuestra formaci\u00f3n directiva especializada y mentor\u00eda continua. Aprovecha la oferta actual por 687,75 \u20ac y mejora tus competencias.","og_url":"https:\/\/bulkington.es\/en\/producto\/formacion-directiva-especializada\/","og_site_name":"Bulkington","article_modified_time":"2026-04-10T22:41:48+00:00","og_image":[{"width":1792,"height":1456,"url":"https:\/\/bulkington.es\/wp-content\/uploads\/2026\/04\/Leonardo_Vision_XL_Ilustracin_monocromtica_de_una_figura_inspi_0.jpg","type":"image\/jpeg"}],"twitter_card":"summary_large_image","schema":{"@context":"https:\/\/schema.org","@graph":[{"@type":"WebPage","@id":"https:\/\/bulkington.es\/en\/producto\/formacion-directiva-especializada\/","url":"https:\/\/bulkington.es\/en\/producto\/formacion-directiva-especializada\/","name":"Formaci\u00f3n Directiva Especializada - Bulkington","isPartOf":{"@id":"https:\/\/bulkington.es\/en\/#website"},"primaryImageOfPage":{"@id":"https:\/\/bulkington.es\/en\/producto\/formacion-directiva-especializada\/#primaryimage"},"image":{"@id":"https:\/\/bulkington.es\/en\/producto\/formacion-directiva-especializada\/#primaryimage"},"thumbnailUrl":"https:\/\/bulkington.es\/wp-content\/uploads\/2026\/04\/Leonardo_Vision_XL_Ilustracin_monocromtica_de_una_figura_inspi_0.jpg","datePublished":"2026-04-09T20:16:16+00:00","dateModified":"2026-04-10T22:41:48+00:00","description":"Capacita a l\u00edderes con nuestra formaci\u00f3n directiva especializada y mentor\u00eda continua. Aprovecha la oferta actual por 687,75 \u20ac y mejora tus competencias.","breadcrumb":{"@id":"https:\/\/bulkington.es\/en\/producto\/formacion-directiva-especializada\/#breadcrumb"},"inLanguage":"en-US","potentialAction":[{"@type":"ReadAction","target":["https:\/\/bulkington.es\/en\/producto\/formacion-directiva-especializada\/"]}]},{"@type":"ImageObject","inLanguage":"en-US","@id":"https:\/\/bulkington.es\/en\/producto\/formacion-directiva-especializada\/#primaryimage","url":"https:\/\/bulkington.es\/wp-content\/uploads\/2026\/04\/Leonardo_Vision_XL_Ilustracin_monocromtica_de_una_figura_inspi_0.jpg","contentUrl":"https:\/\/bulkington.es\/wp-content\/uploads\/2026\/04\/Leonardo_Vision_XL_Ilustracin_monocromtica_de_una_figura_inspi_0.jpg","width":1792,"height":1456},{"@type":"BreadcrumbList","@id":"https:\/\/bulkington.es\/en\/producto\/formacion-directiva-especializada\/#breadcrumb","itemListElement":[{"@type":"ListItem","position":1,"name":"Portada","item":"https:\/\/bulkington.es\/en\/home\/"},{"@type":"ListItem","position":2,"name":"Tienda","item":"https:\/\/bulkington.es\/tienda\/"},{"@type":"ListItem","position":3,"name":"Formaci\u00f3n Directiva Especializada"}]},{"@type":"WebSite","@id":"https:\/\/bulkington.es\/en\/#website","url":"https:\/\/bulkington.es\/en\/","name":"Bulkington","description":"","publisher":{"@id":"https:\/\/bulkington.es\/en\/#organization"},"potentialAction":[{"@type":"SearchAction","target":{"@type":"EntryPoint","urlTemplate":"https:\/\/bulkington.es\/en\/?s={search_term_string}"},"query-input":{"@type":"PropertyValueSpecification","valueRequired":true,"valueName":"search_term_string"}}],"inLanguage":"en-US"},{"@type":"Organization","@id":"https:\/\/bulkington.es\/en\/#organization","name":"Bulkington","url":"https:\/\/bulkington.es\/en\/","logo":{"@type":"ImageObject","inLanguage":"en-US","@id":"https:\/\/bulkington.es\/en\/#\/schema\/logo\/image\/","url":"https:\/\/bulkington.es\/wp-content\/uploads\/2026\/04\/96954_logo_generado.png","contentUrl":"https:\/\/bulkington.es\/wp-content\/uploads\/2026\/04\/96954_logo_generado.png","width":973,"height":326,"caption":"Bulkington"},"image":{"@id":"https:\/\/bulkington.es\/en\/#\/schema\/logo\/image\/"}}]}},"_links":{"self":[{"href":"https:\/\/bulkington.es\/en\/wp-json\/wp\/v2\/product\/569","targetHints":{"allow":["GET"]}}],"collection":[{"href":"https:\/\/bulkington.es\/en\/wp-json\/wp\/v2\/product"}],"about":[{"href":"https:\/\/bulkington.es\/en\/wp-json\/wp\/v2\/types\/product"}],"replies":[{"embeddable":true,"href":"https:\/\/bulkington.es\/en\/wp-json\/wp\/v2\/comments?post=569"}],"wp:featuredmedia":[{"embeddable":true,"href":"https:\/\/bulkington.es\/en\/wp-json\/wp\/v2\/media\/549"}],"wp:attachment":[{"href":"https:\/\/bulkington.es\/en\/wp-json\/wp\/v2\/media?parent=569"}],"wp:term":[{"taxonomy":"marca","embeddable":true,"href":"https:\/\/bulkington.es\/en\/wp-json\/wp\/v2\/marca?post=569"},{"taxonomy":"product_brand","embeddable":true,"href":"https:\/\/bulkington.es\/en\/wp-json\/wp\/v2\/product_brand?post=569"},{"taxonomy":"product_cat","embeddable":true,"href":"https:\/\/bulkington.es\/en\/wp-json\/wp\/v2\/product_cat?post=569"},{"taxonomy":"product_tag","embeddable":true,"href":"https:\/\/bulkington.es\/en\/wp-json\/wp\/v2\/product_tag?post=569"}],"curies":[{"name":"wp","href":"https:\/\/api.w.org\/{rel}","templated":true}]}}