{"id":579,"date":"2026-04-09T20:07:59","date_gmt":"2026-04-09T20:07:59","guid":{"rendered":"https:\/\/bulkington.es\/producto\/gestion-financiera-y-comunicacion-cultural\/"},"modified":"2026-04-10T22:43:22","modified_gmt":"2026-04-10T22:43:22","slug":"gestion-financiera-y-comunicacion-cultural","status":"publish","type":"product","link":"https:\/\/bulkington.es\/en\/producto\/gestion-financiera-y-comunicacion-cultural\/","title":{"rendered":"Gesti\u00f3n Financiera y Comunicaci\u00f3n Cultural"},"content":{"rendered":"","protected":false},"excerpt":{"rendered":"<p>Noticias a tu medida y gesti\u00f3n financiera para eventos culturales.<\/p>\n","protected":false},"featured_media":459,"comment_status":"open","ping_status":"closed","template":"","meta":{"_acf_changed":false},"marca":[55,56],"product_brand":[],"product_cat":[80,81],"product_tag":[88,77,83],"class_list":{"0":"post-579","1":"product","2":"type-product","3":"status-publish","4":"has-post-thumbnail","6":"marca-bulkington","7":"marca-consultoria","8":"product_cat-commercial-and-communication-management-for-concerts-conferences-and-press-en","9":"product_cat-preparation-of-activity-reports-financial-reports-budget-design-grant-applications-and-justifications-en","10":"product_tag-consultoria-en","11":"product_tag-cultura-en","12":"product_tag-estrategia-en","14":"first","15":"instock","16":"sale","17":"shipping-taxable","18":"purchasable","19":"product-type-simple"},"acf":[],"yoast_head":"<!-- This site is optimized with the Yoast SEO plugin v27.3 - https:\/\/yoast.com\/product\/yoast-seo-wordpress\/ -->\n<title>Gesti\u00f3n Financiera y Comunicaci\u00f3n Cultural - Bulkington<\/title>\n<meta name=\"description\" content=\"Compra Gesti\u00f3n Financiera y Comunicaci\u00f3n Cultural a solo 441,88 \u20ac. Mejora la comunicaci\u00f3n de eventos con nuestras soluciones estrat\u00e9gicas. Env\u00edo gratis y devoluciones en 100 d\u00edas.\" \/>\n<meta name=\"robots\" content=\"index, follow, max-snippet:-1, max-image-preview:large, max-video-preview:-1\" \/>\n<link rel=\"canonical\" href=\"https:\/\/bulkington.es\/en\/producto\/gestion-financiera-y-comunicacion-cultural\/\" \/>\n<meta property=\"og:locale\" content=\"en_US\" \/>\n<meta property=\"og:type\" content=\"article\" \/>\n<meta property=\"og:title\" content=\"Gesti\u00f3n Financiera y Comunicaci\u00f3n Cultural - Bulkington\" \/>\n<meta property=\"og:description\" content=\"Compra Gesti\u00f3n Financiera y Comunicaci\u00f3n Cultural a solo 441,88 \u20ac. Mejora la comunicaci\u00f3n de eventos con nuestras soluciones estrat\u00e9gicas. Env\u00edo gratis y devoluciones en 100 d\u00edas.\" \/>\n<meta property=\"og:url\" content=\"https:\/\/bulkington.es\/en\/producto\/gestion-financiera-y-comunicacion-cultural\/\" \/>\n<meta property=\"og:site_name\" content=\"Bulkington\" \/>\n<meta property=\"article:modified_time\" content=\"2026-04-10T22:43:22+00:00\" \/>\n<meta property=\"og:image\" content=\"https:\/\/bulkington.es\/wp-content\/uploads\/2026\/04\/Leonardo_Vision_XL_Ilustracin_monocromtica_en_blanco_y_negro_q_0.jpg\" \/>\n\t<meta property=\"og:image:width\" content=\"1792\" \/>\n\t<meta property=\"og:image:height\" content=\"1456\" \/>\n\t<meta property=\"og:image:type\" content=\"image\/jpeg\" \/>\n<meta name=\"twitter:card\" content=\"summary_large_image\" \/>\n<!-- \/ Yoast SEO plugin. -->","yoast_head_json":{"title":"Gesti\u00f3n Financiera y Comunicaci\u00f3n Cultural - Bulkington","description":"Compra Gesti\u00f3n Financiera y Comunicaci\u00f3n Cultural a solo 441,88 \u20ac. Mejora la comunicaci\u00f3n de eventos con nuestras soluciones estrat\u00e9gicas. Env\u00edo gratis y devoluciones en 100 d\u00edas.","robots":{"index":"index","follow":"follow","max-snippet":"max-snippet:-1","max-image-preview":"max-image-preview:large","max-video-preview":"max-video-preview:-1"},"canonical":"https:\/\/bulkington.es\/en\/producto\/gestion-financiera-y-comunicacion-cultural\/","og_locale":"en_US","og_type":"article","og_title":"Gesti\u00f3n Financiera y Comunicaci\u00f3n Cultural - Bulkington","og_description":"Compra Gesti\u00f3n Financiera y Comunicaci\u00f3n Cultural a solo 441,88 \u20ac. Mejora la comunicaci\u00f3n de eventos con nuestras soluciones estrat\u00e9gicas. Env\u00edo gratis y devoluciones en 100 d\u00edas.","og_url":"https:\/\/bulkington.es\/en\/producto\/gestion-financiera-y-comunicacion-cultural\/","og_site_name":"Bulkington","article_modified_time":"2026-04-10T22:43:22+00:00","og_image":[{"width":1792,"height":1456,"url":"https:\/\/bulkington.es\/wp-content\/uploads\/2026\/04\/Leonardo_Vision_XL_Ilustracin_monocromtica_en_blanco_y_negro_q_0.jpg","type":"image\/jpeg"}],"twitter_card":"summary_large_image","schema":{"@context":"https:\/\/schema.org","@graph":[{"@type":"WebPage","@id":"https:\/\/bulkington.es\/en\/producto\/gestion-financiera-y-comunicacion-cultural\/","url":"https:\/\/bulkington.es\/en\/producto\/gestion-financiera-y-comunicacion-cultural\/","name":"Gesti\u00f3n Financiera y Comunicaci\u00f3n Cultural - Bulkington","isPartOf":{"@id":"https:\/\/bulkington.es\/en\/#website"},"primaryImageOfPage":{"@id":"https:\/\/bulkington.es\/en\/producto\/gestion-financiera-y-comunicacion-cultural\/#primaryimage"},"image":{"@id":"https:\/\/bulkington.es\/en\/producto\/gestion-financiera-y-comunicacion-cultural\/#primaryimage"},"thumbnailUrl":"https:\/\/bulkington.es\/wp-content\/uploads\/2026\/04\/Leonardo_Vision_XL_Ilustracin_monocromtica_en_blanco_y_negro_q_0.jpg","datePublished":"2026-04-09T20:07:59+00:00","dateModified":"2026-04-10T22:43:22+00:00","description":"Compra Gesti\u00f3n Financiera y Comunicaci\u00f3n Cultural a solo 441,88 \u20ac. Mejora la comunicaci\u00f3n de eventos con nuestras soluciones estrat\u00e9gicas. Env\u00edo gratis y devoluciones en 100 d\u00edas.","breadcrumb":{"@id":"https:\/\/bulkington.es\/en\/producto\/gestion-financiera-y-comunicacion-cultural\/#breadcrumb"},"inLanguage":"en-US","potentialAction":[{"@type":"ReadAction","target":["https:\/\/bulkington.es\/en\/producto\/gestion-financiera-y-comunicacion-cultural\/"]}]},{"@type":"ImageObject","inLanguage":"en-US","@id":"https:\/\/bulkington.es\/en\/producto\/gestion-financiera-y-comunicacion-cultural\/#primaryimage","url":"https:\/\/bulkington.es\/wp-content\/uploads\/2026\/04\/Leonardo_Vision_XL_Ilustracin_monocromtica_en_blanco_y_negro_q_0.jpg","contentUrl":"https:\/\/bulkington.es\/wp-content\/uploads\/2026\/04\/Leonardo_Vision_XL_Ilustracin_monocromtica_en_blanco_y_negro_q_0.jpg","width":1792,"height":1456},{"@type":"BreadcrumbList","@id":"https:\/\/bulkington.es\/en\/producto\/gestion-financiera-y-comunicacion-cultural\/#breadcrumb","itemListElement":[{"@type":"ListItem","position":1,"name":"Portada","item":"https:\/\/bulkington.es\/en\/home\/"},{"@type":"ListItem","position":2,"name":"Tienda","item":"https:\/\/bulkington.es\/tienda\/"},{"@type":"ListItem","position":3,"name":"Gesti\u00f3n Financiera y Comunicaci\u00f3n Cultural"}]},{"@type":"WebSite","@id":"https:\/\/bulkington.es\/en\/#website","url":"https:\/\/bulkington.es\/en\/","name":"Bulkington","description":"","publisher":{"@id":"https:\/\/bulkington.es\/en\/#organization"},"potentialAction":[{"@type":"SearchAction","target":{"@type":"EntryPoint","urlTemplate":"https:\/\/bulkington.es\/en\/?s={search_term_string}"},"query-input":{"@type":"PropertyValueSpecification","valueRequired":true,"valueName":"search_term_string"}}],"inLanguage":"en-US"},{"@type":"Organization","@id":"https:\/\/bulkington.es\/en\/#organization","name":"Bulkington","url":"https:\/\/bulkington.es\/en\/","logo":{"@type":"ImageObject","inLanguage":"en-US","@id":"https:\/\/bulkington.es\/en\/#\/schema\/logo\/image\/","url":"https:\/\/bulkington.es\/wp-content\/uploads\/2026\/04\/96954_logo_generado.png","contentUrl":"https:\/\/bulkington.es\/wp-content\/uploads\/2026\/04\/96954_logo_generado.png","width":973,"height":326,"caption":"Bulkington"},"image":{"@id":"https:\/\/bulkington.es\/en\/#\/schema\/logo\/image\/"}}]}},"_links":{"self":[{"href":"https:\/\/bulkington.es\/en\/wp-json\/wp\/v2\/product\/579","targetHints":{"allow":["GET"]}}],"collection":[{"href":"https:\/\/bulkington.es\/en\/wp-json\/wp\/v2\/product"}],"about":[{"href":"https:\/\/bulkington.es\/en\/wp-json\/wp\/v2\/types\/product"}],"replies":[{"embeddable":true,"href":"https:\/\/bulkington.es\/en\/wp-json\/wp\/v2\/comments?post=579"}],"wp:featuredmedia":[{"embeddable":true,"href":"https:\/\/bulkington.es\/en\/wp-json\/wp\/v2\/media\/459"}],"wp:attachment":[{"href":"https:\/\/bulkington.es\/en\/wp-json\/wp\/v2\/media?parent=579"}],"wp:term":[{"taxonomy":"marca","embeddable":true,"href":"https:\/\/bulkington.es\/en\/wp-json\/wp\/v2\/marca?post=579"},{"taxonomy":"product_brand","embeddable":true,"href":"https:\/\/bulkington.es\/en\/wp-json\/wp\/v2\/product_brand?post=579"},{"taxonomy":"product_cat","embeddable":true,"href":"https:\/\/bulkington.es\/en\/wp-json\/wp\/v2\/product_cat?post=579"},{"taxonomy":"product_tag","embeddable":true,"href":"https:\/\/bulkington.es\/en\/wp-json\/wp\/v2\/product_tag?post=579"}],"curies":[{"name":"wp","href":"https:\/\/api.w.org\/{rel}","templated":true}]}}