{"id":583,"date":"2026-04-09T20:04:39","date_gmt":"2026-04-09T20:04:39","guid":{"rendered":"https:\/\/bulkington.es\/producto\/diagnostico-y-estrategia-de-cambio\/"},"modified":"2026-04-10T22:43:59","modified_gmt":"2026-04-10T22:43:59","slug":"diagnostico-y-estrategia-de-cambio","status":"publish","type":"product","link":"https:\/\/bulkington.es\/en\/producto\/diagnostico-y-estrategia-de-cambio\/","title":{"rendered":"Diagn\u00f3stico y Estrategia de Cambio"},"content":{"rendered":"","protected":false},"excerpt":{"rendered":"<p>Transforma ideas en acciones claras y estrat\u00e9gicas.<\/p>\n","protected":false},"featured_media":423,"comment_status":"open","ping_status":"closed","template":"","meta":{"_acf_changed":false},"marca":[55,56],"product_brand":[],"product_cat":[84,85],"product_tag":[82,83,86],"class_list":{"0":"post-583","1":"product","2":"type-product","3":"status-publish","4":"has-post-thumbnail","6":"marca-bulkington","7":"marca-consultoria","8":"product_cat-design-implementation-execution-and-support-of-action-plans-and-strategy-en","9":"product_cat-diagnostics-for-professionals-projects-or-institutions-with-the-issuing-of-reports-including-strategic-guidance-en","10":"product_tag-diagnostico-en","11":"product_tag-estrategia-en","12":"product_tag-transformacion-en","14":"first","15":"instock","16":"shipping-taxable","17":"purchasable","18":"product-type-simple"},"acf":[],"yoast_head":"<!-- This site is optimized with the Yoast SEO plugin v27.3 - https:\/\/yoast.com\/product\/yoast-seo-wordpress\/ -->\n<title>Diagn\u00f3stico y Estrategia de Cambio - Bulkington<\/title>\n<meta name=\"description\" content=\"Transforma ideas en acciones con nuestro servicio de Diagn\u00f3stico y Estrategia de Cambio. Envios gratis y 100 d\u00edas de devoluci\u00f3n. \u00a1Convi\u00e9rtete en el cambio!\" \/>\n<meta name=\"robots\" content=\"index, follow, max-snippet:-1, max-image-preview:large, max-video-preview:-1\" \/>\n<link rel=\"canonical\" href=\"https:\/\/bulkington.es\/en\/producto\/diagnostico-y-estrategia-de-cambio\/\" \/>\n<meta property=\"og:locale\" content=\"en_US\" \/>\n<meta property=\"og:type\" content=\"article\" \/>\n<meta property=\"og:title\" content=\"Diagn\u00f3stico y Estrategia de Cambio - Bulkington\" \/>\n<meta property=\"og:description\" content=\"Transforma ideas en acciones con nuestro servicio de Diagn\u00f3stico y Estrategia de Cambio. Envios gratis y 100 d\u00edas de devoluci\u00f3n. \u00a1Convi\u00e9rtete en el cambio!\" \/>\n<meta property=\"og:url\" content=\"https:\/\/bulkington.es\/en\/producto\/diagnostico-y-estrategia-de-cambio\/\" \/>\n<meta property=\"og:site_name\" content=\"Bulkington\" \/>\n<meta property=\"article:modified_time\" content=\"2026-04-10T22:43:59+00:00\" \/>\n<meta property=\"og:image\" content=\"https:\/\/bulkington.es\/wp-content\/uploads\/2026\/04\/Leonardo_Vision_XL_Una_imagen_monocromtica_mostrando_una_ofici_0.jpg\" \/>\n\t<meta property=\"og:image:width\" content=\"1792\" \/>\n\t<meta property=\"og:image:height\" content=\"1456\" \/>\n\t<meta property=\"og:image:type\" content=\"image\/jpeg\" \/>\n<meta name=\"twitter:card\" content=\"summary_large_image\" \/>\n<!-- \/ Yoast SEO plugin. -->","yoast_head_json":{"title":"Diagn\u00f3stico y Estrategia de Cambio - Bulkington","description":"Transforma ideas en acciones con nuestro servicio de Diagn\u00f3stico y Estrategia de Cambio. Envios gratis y 100 d\u00edas de devoluci\u00f3n. \u00a1Convi\u00e9rtete en el cambio!","robots":{"index":"index","follow":"follow","max-snippet":"max-snippet:-1","max-image-preview":"max-image-preview:large","max-video-preview":"max-video-preview:-1"},"canonical":"https:\/\/bulkington.es\/en\/producto\/diagnostico-y-estrategia-de-cambio\/","og_locale":"en_US","og_type":"article","og_title":"Diagn\u00f3stico y Estrategia de Cambio - Bulkington","og_description":"Transforma ideas en acciones con nuestro servicio de Diagn\u00f3stico y Estrategia de Cambio. Envios gratis y 100 d\u00edas de devoluci\u00f3n. \u00a1Convi\u00e9rtete en el cambio!","og_url":"https:\/\/bulkington.es\/en\/producto\/diagnostico-y-estrategia-de-cambio\/","og_site_name":"Bulkington","article_modified_time":"2026-04-10T22:43:59+00:00","og_image":[{"width":1792,"height":1456,"url":"https:\/\/bulkington.es\/wp-content\/uploads\/2026\/04\/Leonardo_Vision_XL_Una_imagen_monocromtica_mostrando_una_ofici_0.jpg","type":"image\/jpeg"}],"twitter_card":"summary_large_image","schema":{"@context":"https:\/\/schema.org","@graph":[{"@type":"WebPage","@id":"https:\/\/bulkington.es\/en\/producto\/diagnostico-y-estrategia-de-cambio\/","url":"https:\/\/bulkington.es\/en\/producto\/diagnostico-y-estrategia-de-cambio\/","name":"Diagn\u00f3stico y Estrategia de Cambio - Bulkington","isPartOf":{"@id":"https:\/\/bulkington.es\/en\/#website"},"primaryImageOfPage":{"@id":"https:\/\/bulkington.es\/en\/producto\/diagnostico-y-estrategia-de-cambio\/#primaryimage"},"image":{"@id":"https:\/\/bulkington.es\/en\/producto\/diagnostico-y-estrategia-de-cambio\/#primaryimage"},"thumbnailUrl":"https:\/\/bulkington.es\/wp-content\/uploads\/2026\/04\/Leonardo_Vision_XL_Una_imagen_monocromtica_mostrando_una_ofici_0.jpg","datePublished":"2026-04-09T20:04:39+00:00","dateModified":"2026-04-10T22:43:59+00:00","description":"Transforma ideas en acciones con nuestro servicio de Diagn\u00f3stico y Estrategia de Cambio. Envios gratis y 100 d\u00edas de devoluci\u00f3n. \u00a1Convi\u00e9rtete en el cambio!","breadcrumb":{"@id":"https:\/\/bulkington.es\/en\/producto\/diagnostico-y-estrategia-de-cambio\/#breadcrumb"},"inLanguage":"en-US","potentialAction":[{"@type":"ReadAction","target":["https:\/\/bulkington.es\/en\/producto\/diagnostico-y-estrategia-de-cambio\/"]}]},{"@type":"ImageObject","inLanguage":"en-US","@id":"https:\/\/bulkington.es\/en\/producto\/diagnostico-y-estrategia-de-cambio\/#primaryimage","url":"https:\/\/bulkington.es\/wp-content\/uploads\/2026\/04\/Leonardo_Vision_XL_Una_imagen_monocromtica_mostrando_una_ofici_0.jpg","contentUrl":"https:\/\/bulkington.es\/wp-content\/uploads\/2026\/04\/Leonardo_Vision_XL_Una_imagen_monocromtica_mostrando_una_ofici_0.jpg","width":1792,"height":1456},{"@type":"BreadcrumbList","@id":"https:\/\/bulkington.es\/en\/producto\/diagnostico-y-estrategia-de-cambio\/#breadcrumb","itemListElement":[{"@type":"ListItem","position":1,"name":"Portada","item":"https:\/\/bulkington.es\/en\/home\/"},{"@type":"ListItem","position":2,"name":"Tienda","item":"https:\/\/bulkington.es\/tienda\/"},{"@type":"ListItem","position":3,"name":"Diagn\u00f3stico y Estrategia de Cambio"}]},{"@type":"WebSite","@id":"https:\/\/bulkington.es\/en\/#website","url":"https:\/\/bulkington.es\/en\/","name":"Bulkington","description":"","publisher":{"@id":"https:\/\/bulkington.es\/en\/#organization"},"potentialAction":[{"@type":"SearchAction","target":{"@type":"EntryPoint","urlTemplate":"https:\/\/bulkington.es\/en\/?s={search_term_string}"},"query-input":{"@type":"PropertyValueSpecification","valueRequired":true,"valueName":"search_term_string"}}],"inLanguage":"en-US"},{"@type":"Organization","@id":"https:\/\/bulkington.es\/en\/#organization","name":"Bulkington","url":"https:\/\/bulkington.es\/en\/","logo":{"@type":"ImageObject","inLanguage":"en-US","@id":"https:\/\/bulkington.es\/en\/#\/schema\/logo\/image\/","url":"https:\/\/bulkington.es\/wp-content\/uploads\/2026\/04\/96954_logo_generado.png","contentUrl":"https:\/\/bulkington.es\/wp-content\/uploads\/2026\/04\/96954_logo_generado.png","width":973,"height":326,"caption":"Bulkington"},"image":{"@id":"https:\/\/bulkington.es\/en\/#\/schema\/logo\/image\/"}}]}},"_links":{"self":[{"href":"https:\/\/bulkington.es\/en\/wp-json\/wp\/v2\/product\/583","targetHints":{"allow":["GET"]}}],"collection":[{"href":"https:\/\/bulkington.es\/en\/wp-json\/wp\/v2\/product"}],"about":[{"href":"https:\/\/bulkington.es\/en\/wp-json\/wp\/v2\/types\/product"}],"replies":[{"embeddable":true,"href":"https:\/\/bulkington.es\/en\/wp-json\/wp\/v2\/comments?post=583"}],"wp:featuredmedia":[{"embeddable":true,"href":"https:\/\/bulkington.es\/en\/wp-json\/wp\/v2\/media\/423"}],"wp:attachment":[{"href":"https:\/\/bulkington.es\/en\/wp-json\/wp\/v2\/media?parent=583"}],"wp:term":[{"taxonomy":"marca","embeddable":true,"href":"https:\/\/bulkington.es\/en\/wp-json\/wp\/v2\/marca?post=583"},{"taxonomy":"product_brand","embeddable":true,"href":"https:\/\/bulkington.es\/en\/wp-json\/wp\/v2\/product_brand?post=583"},{"taxonomy":"product_cat","embeddable":true,"href":"https:\/\/bulkington.es\/en\/wp-json\/wp\/v2\/product_cat?post=583"},{"taxonomy":"product_tag","embeddable":true,"href":"https:\/\/bulkington.es\/en\/wp-json\/wp\/v2\/product_tag?post=583"}],"curies":[{"name":"wp","href":"https:\/\/api.w.org\/{rel}","templated":true}]}}